{"id":913,"date":"2023-12-22T12:52:17","date_gmt":"2023-12-22T11:52:17","guid":{"rendered":"https:\/\/www.pegasus-apothekenvertretung.com\/?page_id=913"},"modified":"2024-05-31T15:20:11","modified_gmt":"2024-05-31T13:20:11","slug":"913-2","status":"publish","type":"page","link":"https:\/\/www.pegasus-apothekenvertretung.com\/?page_id=913","title":{"rendered":"Kurz vorgestellt"},"content":{"rendered":"<p>[et_pb_section fb_built=&#8220;1&#8243; admin_label=&#8220;Feature 5&#8243; module_class=&#8220;sfly_feature sfly_feature_5&#8243; _builder_version=&#8220;4.16&#8243; background_color=&#8220;#000000&#8243; custom_padding=&#8220;0px||0px||true&#8220; global_colors_info=&#8220;{}&#8220;][et_pb_row column_structure=&#8220;1_3,1_3,1_3&#8243; use_custom_gutter=&#8220;on&#8220; make_equal=&#8220;on&#8220; padding_top_bottom_link_1=&#8220;true&#8220; padding_top_bottom_link_2=&#8220;true&#8220; padding_top_bottom_link_3=&#8220;true&#8220; padding_left_right_link_1=&#8220;true&#8220; padding_left_right_link_2=&#8220;true&#8220; padding_left_right_link_3=&#8220;true&#8220; module_class=&#8220; et_pb_row_fullwidth&#8220; _builder_version=&#8220;4.23.1&#8243; width=&#8220;100%&#8220; width_tablet=&#8220;100%&#8220; width_phone=&#8220;100%&#8220; width_last_edited=&#8220;on|desktop&#8220; max_width=&#8220;100%&#8220; max_width_tablet=&#8220;100%&#8220; max_width_phone=&#8220;100%&#8220; max_width_last_edited=&#8220;on|desktop&#8220; custom_padding=&#8220;0px||0px||true&#8220; make_fullwidth=&#8220;on&#8220; global_colors_info=&#8220;{}&#8220;][et_pb_column type=&#8220;1_3&#8243; module_class=&#8220;sfly_black_overlay&#8220; _builder_version=&#8220;4.23.1&#8243; background_image=&#8220;https:\/\/www.pegasus-apothekenvertretung.com\/wp-content\/uploads\/2024\/01\/shutterstock_2365644919_SW.jpg&#8220; parallax=&#8220;on&#8220; custom_padding=&#8220;15%|5%|15%|5%&#8220; custom_padding_tablet=&#8220;15%|5%|15%|5%&#8220; custom_padding_phone=&#8220;33%||33%||true&#8220; custom_padding_last_edited=&#8220;on|phone&#8220; global_colors_info=&#8220;{}&#8220; padding_phone=&#8220;33%||33%||true&#8220; padding_last_edited=&#8220;on|phone&#8220; custom_padding__hover=&#8220;|||&#8220;][et_pb_blurb title=&#8220;Zu Hause in Erfurt&#8220; image_icon_width=&#8220;20%&#8220; content_max_width=&#8220;300px&#8220; _builder_version=&#8220;4.23.1&#8243; header_font=&#8220;|700|||||||&#8220; header_font_size=&#8220;32px&#8220; header_letter_spacing=&#8220;1px&#8220; header_line_height=&#8220;1.5em&#8220; body_font_size=&#8220;22px&#8220; body_letter_spacing=&#8220;1px&#8220; text_orientation=&#8220;center&#8220; background_layout=&#8220;dark&#8220; animation_style=&#8220;fade&#8220; image_max_width=&#8220;20%&#8220; global_colors_info=&#8220;{}&#8220;]<\/p>\n<p>Nach vielen Stationen in Nossen, Dresden, Berlin Leipzig und seid nunmehr 30 Jahren Erfurt, habe ich meine Leidenschaft zu entdecken und Menschen kennenzulernen nicht verloren.<\/p>\n<p>[\/et_pb_blurb][\/et_pb_column][et_pb_column type=&#8220;1_3&#8243; module_class=&#8220;sfly_dark_overlay&#8220; _builder_version=&#8220;4.23.1&#8243; background_image=&#8220;https:\/\/www.pegasus-apothekenvertretung.com\/wp-content\/uploads\/2024\/01\/shutterstock_2207120983_SW.jpg&#8220; parallax=&#8220;on&#8220; custom_padding=&#8220;15%|5%|15%|5%&#8220; custom_padding_tablet=&#8220;15%|5%|15%|5%&#8220; custom_padding_phone=&#8220;33%||33%||true&#8220; custom_padding_last_edited=&#8220;on|phone&#8220; global_colors_info=&#8220;{}&#8220; padding_phone=&#8220;33%||33%||true&#8220; padding_last_edited=&#8220;on|phone&#8220; custom_padding__hover=&#8220;|||&#8220;][et_pb_blurb title=&#8220;Erfahrung&#8220; image_icon_width=&#8220;20%&#8220; content_max_width=&#8220;300px&#8220; _builder_version=&#8220;4.23.1&#8243; header_font=&#8220;|700|||||||&#8220; header_font_size=&#8220;32px&#8220; header_letter_spacing=&#8220;1px&#8220; header_line_height=&#8220;1.5em&#8220; body_font_size=&#8220;22px&#8220; body_letter_spacing=&#8220;1px&#8220; text_orientation=&#8220;center&#8220; background_layout=&#8220;dark&#8220; animation_style=&#8220;fade&#8220; animation_delay=&#8220;500ms&#8220; image_max_width=&#8220;20%&#8220; locked=&#8220;off&#8220; global_colors_info=&#8220;{}&#8220;]<\/p>\n<p>Studium an der Uni Leipzig, Praktika und erste Jahre als Apotheker in engagierten Kleinstadt- und gro\u00dfen Center- Apotheken.<\/p>\n<p>Selbst\u00e4ndigkeit von 2000 bis 2023 mit erst einer Center- Apotheke, sp\u00e4ter einer kleinen modernen Apotheke, mit besonderem alternativmedizinischem Schwerpunkt.<\/p>\n<p>Seit Sommer 2023 Vertretungs- Apotheker<\/p>\n<p>[\/et_pb_blurb][\/et_pb_column][et_pb_column type=&#8220;1_3&#8243; module_class=&#8220;sfly_black_overlay&#8220; _builder_version=&#8220;4.23.1&#8243; background_image=&#8220;https:\/\/www.pegasus-apothekenvertretung.com\/wp-content\/uploads\/2024\/01\/shutterstock_1857388105_SW.jpg&#8220; parallax=&#8220;on&#8220; custom_padding=&#8220;15%|5%|15%|5%&#8220; custom_padding_tablet=&#8220;15%|5%|15%|5%&#8220; custom_padding_phone=&#8220;33%||33%||true&#8220; custom_padding_last_edited=&#8220;on|phone&#8220; global_colors_info=&#8220;{}&#8220; padding_phone=&#8220;33%||33%||true&#8220; padding_last_edited=&#8220;on|phone&#8220; custom_padding__hover=&#8220;|||&#8220;][et_pb_blurb title=&#8220;Leidenschaft&#8220; image_icon_width=&#8220;20%&#8220; content_max_width=&#8220;300px&#8220; _builder_version=&#8220;4.23.1&#8243; header_font=&#8220;|700|||||||&#8220; header_font_size=&#8220;32px&#8220; header_letter_spacing=&#8220;1px&#8220; header_line_height=&#8220;1.5em&#8220; body_font_size=&#8220;20px&#8220; body_letter_spacing=&#8220;2px&#8220; text_orientation=&#8220;center&#8220; background_layout=&#8220;dark&#8220; animation_style=&#8220;fade&#8220; animation_delay=&#8220;1000ms&#8220; image_max_width=&#8220;20%&#8220; locked=&#8220;off&#8220; global_colors_info=&#8220;{}&#8220;]<\/p>\n<p>Auch wenn aktuell oft die Begeisterung in unserem Berufsstand durch die Frustration versalzen wird, liebe ich den Umgang mit unseren Kunden.<\/p>\n<p>Zuh\u00f6hren, versuchen zu helfen, Probleme l\u00f6sen und eventuell ein kleines L\u00e4cheln hervor locken,<\/p>\n<p>das ist f\u00fcr mich die gegenw\u00e4rtige Essenz, weswegen ich den Beruf mag.<\/p>\n<p>&nbsp;<\/p>\n<p>[\/et_pb_blurb][\/et_pb_column][\/et_pb_row][\/et_pb_section][et_pb_section fb_built=&#8220;1&#8243; disabled_on=&#8220;off|off|off&#8220; admin_label=&#8220;Feature 23&#8243; module_class=&#8220;sfly_feature sfly_feature_23&#8243; _builder_version=&#8220;4.16&#8243; custom_padding=&#8220;0px||0px||true&#8220; locked=&#8220;off&#8220; global_colors_info=&#8220;{}&#8220;][et_pb_row column_structure=&#8220;1_3,1_3,1_3&#8243; use_custom_gutter=&#8220;on&#8220; make_equal=&#8220;on&#8220; custom_padding_last_edited=&#8220;on|phone&#8220; disabled_on=&#8220;on|on|off&#8220; _builder_version=&#8220;4.16&#8243; custom_padding=&#8220;5%||5%||true&#8220; custom_padding_tablet=&#8220;&#8220; custom_padding_phone=&#8220;25%||25%||true&#8220; animation_style=&#8220;fade&#8220; global_colors_info=&#8220;{}&#8220;][et_pb_column type=&#8220;1_3&#8243; _builder_version=&#8220;4.23.1&#8243; _module_preset=&#8220;default&#8220; global_colors_info=&#8220;{}&#8220;][et_pb_image src=&#8220;https:\/\/www.pegasus-apothekenvertretung.com\/wp-content\/uploads\/2024\/01\/Selfi_4_SW.jpg&#8220; title_text=&#8220;Selfi_4_SW&#8220; _builder_version=&#8220;4.23.1&#8243; _module_preset=&#8220;default&#8220; global_colors_info=&#8220;{}&#8220;][\/et_pb_image][\/et_pb_column][et_pb_column type=&#8220;1_3&#8243; _builder_version=&#8220;4.16&#8243; custom_padding=&#8220;|||&#8220; custom_padding_tablet=&#8220;||50px|&#8220; custom_padding_phone=&#8220;||50px|&#8220; custom_padding_last_edited=&#8220;on|tablet&#8220; global_colors_info=&#8220;{}&#8220; padding_tablet=&#8220;||50px|&#8220; padding_last_edited=&#8220;on|tablet&#8220; custom_padding__hover=&#8220;|||&#8220; padding_phone=&#8220;||50px|&#8220;][et_pb_blurb title=&#8220;Computer kenntisse&#8220; image_icon_width=&#8220;22%&#8220; content_max_width=&#8220;300px&#8220; _builder_version=&#8220;4.25.1&#8243; header_font=&#8220;|700|||||||&#8220; header_font_size=&#8220;24px&#8220; header_letter_spacing=&#8220;1px&#8220; header_line_height=&#8220;1.5em&#8220; body_font_size=&#8220;22px&#8220; body_letter_spacing=&#8220;1px&#8220; text_orientation=&#8220;center&#8220; custom_padding=&#8220;10%|10%|10%|10%|true|true&#8220; hover_enabled=&#8220;0&#8243; box_shadow_style=&#8220;preset1&#8243; box_shadow_blur=&#8220;0px&#8220; box_shadow_color=&#8220;rgba(0,0,0,0)&#8220; image_max_width=&#8220;22%&#8220; global_colors_info=&#8220;{}&#8220; box_shadow_blur__hover_enabled=&#8220;on&#8220; box_shadow_blur__hover=&#8220;80px&#8220; box_shadow_color__hover_enabled=&#8220;on&#8220; box_shadow_color__hover=&#8220;rgba(0,0,0,0.1)&#8220; sticky_enabled=&#8220;0&#8243;]<\/p>\n<p>\u00dcberwiegend Pharmatechnik, ADG und Noventi Programme, wie<\/p>\n<p>Prokas, Awinta One, Infopharm, &#8230;.etc.<\/p>\n<p>Einarbeitungszeit in andere Programme ist relativ kurz durch die Online- Hilfen der Firmen und prinzipielle Erfahrungen zum Funktionsbedarf.<\/p>\n<p>[\/et_pb_blurb][et_pb_blurb title=&#8220;St\u00e4ndige Weiterbildung&#8220; image_icon_width=&#8220;22%&#8220; content_max_width=&#8220;300px&#8220; _builder_version=&#8220;4.23.1&#8243; header_font=&#8220;|700|||||||&#8220; header_font_size=&#8220;24px&#8220; header_letter_spacing=&#8220;2px&#8220; header_line_height=&#8220;1.5em&#8220; body_font_size=&#8220;22px&#8220; body_letter_spacing=&#8220;1px&#8220; text_orientation=&#8220;center&#8220; custom_padding=&#8220;10%|10%|10%|10%|true|true&#8220; box_shadow_style=&#8220;preset1&#8243; box_shadow_blur=&#8220;0px&#8220; box_shadow_color=&#8220;rgba(0,0,0,0)&#8220; image_max_width=&#8220;22%&#8220; locked=&#8220;off&#8220; global_colors_info=&#8220;{}&#8220; box_shadow_color__hover_enabled=&#8220;on&#8220; box_shadow_blur__hover_enabled=&#8220;on&#8220; box_shadow_blur__hover=&#8220;80px&#8220; box_shadow_color__hover=&#8220;rgba(0,0,0,0.1)&#8220;]<\/p>\n<p>\u00dcber Online- Kurse, Literatur und hoffentlich wieder \u00f6fter, Pr\u00e4senz- Angebote<\/p>\n<p>[\/et_pb_blurb][\/et_pb_column][et_pb_column type=&#8220;1_3&#8243; module_class=&#8220;sfly_dark_overla&#8220; _builder_version=&#8220;4.16&#8243; custom_padding=&#8220;|||&#8220; custom_padding_tablet=&#8220;||50px|&#8220; custom_padding_phone=&#8220;||50px|&#8220; custom_padding_last_edited=&#8220;on|tablet&#8220; global_colors_info=&#8220;{}&#8220; padding_tablet=&#8220;||50px|&#8220; padding_last_edited=&#8220;on|tablet&#8220; custom_padding__hover=&#8220;|||&#8220; padding_phone=&#8220;||50px|&#8220;][et_pb_blurb title=&#8220;Approbation und Versicherung&#8220; image_icon_width=&#8220;22%&#8220; content_max_width=&#8220;300px&#8220; _builder_version=&#8220;4.23.1&#8243; header_font=&#8220;|700|||||||&#8220; header_letter_spacing=&#8220;1px&#8220; header_line_height=&#8220;1.5em&#8220; body_font_size=&#8220;22px&#8220; body_letter_spacing=&#8220;1px&#8220; text_orientation=&#8220;center&#8220; custom_padding=&#8220;10%|10%|10%|10%|true|true&#8220; border_width_top=&#8220;1px&#8220; border_color_top=&#8220;#f2f2f2&#8243; border_color_bottom=&#8220;#f2f2f2&#8243; box_shadow_style=&#8220;preset1&#8243; box_shadow_blur=&#8220;0px&#8220; box_shadow_color=&#8220;rgba(0,0,0,0)&#8220; image_max_width=&#8220;22%&#8220; global_colors_info=&#8220;{}&#8220; box_shadow_blur__hover=&#8220;80px&#8220; box_shadow_blur__hover_enabled=&#8220;on&#8220; box_shadow_color__hover=&#8220;rgba(0,0,0,0.1)&#8220; box_shadow_color__hover_enabled=&#8220;on&#8220; border_color_top__hover_enabled=&#8220;on&#8220; border_color_top__hover=&#8220;rgba(0,0,0,0)&#8220; border_color_bottom__hover_enabled=&#8220;on&#8220; border_color_bottom__hover=&#8220;rgba(0,0,0,0)&#8220;]<\/p>\n<p>Aprobation und Haftpflichtversicherungsnachwei\u00df sende ich Ihnen mit der Buchungsbest\u00e4tigung im Anhang zu.<\/p>\n<p>[\/et_pb_blurb][et_pb_blurb title=&#8220;Heilberufeausweis&#8220; image_icon_width=&#8220;22%&#8220; content_max_width=&#8220;300px&#8220; _builder_version=&#8220;4.23.1&#8243; header_font=&#8220;|700|||||||&#8220; header_font_size=&#8220;24px&#8220; header_letter_spacing=&#8220;1px&#8220; header_line_height=&#8220;1.5em&#8220; body_font_size=&#8220;22px&#8220; body_letter_spacing=&#8220;1px&#8220; text_orientation=&#8220;center&#8220; custom_padding=&#8220;10%|10%|10%|10%|true|true&#8220; border_width_top=&#8220;1px&#8220; border_color_top=&#8220;#f2f2f2&#8243; border_color_bottom=&#8220;#f2f2f2&#8243; box_shadow_style=&#8220;preset1&#8243; box_shadow_blur=&#8220;0px&#8220; box_shadow_color=&#8220;rgba(0,0,0,0)&#8220; image_max_width=&#8220;22%&#8220; global_colors_info=&#8220;{}&#8220; box_shadow_blur__hover=&#8220;80px&#8220; box_shadow_blur__hover_enabled=&#8220;on&#8220; box_shadow_color__hover=&#8220;rgba(0,0,0,0.1)&#8220; box_shadow_color__hover_enabled=&#8220;on&#8220; border_color_top__hover_enabled=&#8220;on&#8220; border_color_top__hover=&#8220;rgba(0,0,0,0)&#8220; border_color_bottom__hover_enabled=&#8220;on&#8220; border_color_bottom__hover=&#8220;rgba(0,0,0,0)&#8220;]<\/p>\n<p>Selbstverst\u00e4ndlich kann ich w\u00e4hrend meiner vertretungszeit \u00fcber meinen Heilberufeausweis arbeiten.<\/p>\n<p>[\/et_pb_blurb][et_pb_blurb title=&#8220;Sprachkenntnisse&#8220; image_icon_width=&#8220;22%&#8220; content_max_width=&#8220;300px&#8220; _builder_version=&#8220;4.23.1&#8243; header_font=&#8220;|700|||||||&#8220; header_font_size=&#8220;24px&#8220; header_letter_spacing=&#8220;1px&#8220; header_line_height=&#8220;1.5em&#8220; body_font_size=&#8220;22px&#8220; body_letter_spacing=&#8220;1px&#8220; text_orientation=&#8220;center&#8220; custom_padding=&#8220;10%|10%|10%|10%|true|true&#8220; border_width_right=&#8220;1px&#8220; border_color_right=&#8220;#f2f2f2&#8243; border_width_left=&#8220;1px&#8220; border_color_left=&#8220;#f2f2f2&#8243; box_shadow_style=&#8220;preset1&#8243; box_shadow_blur=&#8220;0px&#8220; box_shadow_color=&#8220;rgba(0,0,0,0)&#8220; image_max_width=&#8220;22%&#8220; locked=&#8220;off&#8220; global_colors_info=&#8220;{}&#8220; box_shadow_blur__hover=&#8220;80px&#8220; box_shadow_blur__hover_enabled=&#8220;on&#8220; box_shadow_color__hover=&#8220;rgba(0,0,0,0.1)&#8220; box_shadow_color__hover_enabled=&#8220;on&#8220; border_color_right__hover_enabled=&#8220;on&#8220; border_color_right__hover=&#8220;rgba(0,0,0,0)&#8220; border_color_left__hover_enabled=&#8220;on&#8220; border_color_left__hover=&#8220;rgba(0,0,0,0)&#8220;]<\/p>\n<p>Deutsch als Muttersprache und Englisch flie\u00dfend.<\/p>\n<p>[\/et_pb_blurb][\/et_pb_column][\/et_pb_row][\/et_pb_section][et_pb_section fb_built=&#8220;1&#8243; admin_label=&#8220;Team 3&#8243; module_class=&#8220;sfly_team sfly_team_3&#8243; _builder_version=&#8220;4.16&#8243; custom_padding=&#8220;0px||0px||true&#8220; global_colors_info=&#8220;{}&#8220;][et_pb_row column_structure=&#8220;1_2,1_2&#8243; use_custom_gutter=&#8220;on&#8220; make_equal=&#8220;on&#8220; padding_top_bottom_link_2=&#8220;true&#8220; padding_left_right_link_2=&#8220;true&#8220; module_class=&#8220; et_pb_row_fullwidth&#8220; _builder_version=&#8220;4.23.1&#8243; background_color=&#8220;#f2f2f2&#8243; width=&#8220;100%&#8220; width_tablet=&#8220;100%&#8220; width_phone=&#8220;100%&#8220; width_last_edited=&#8220;on|desktop&#8220; max_width=&#8220;100%&#8220; max_width_tablet=&#8220;100%&#8220; max_width_phone=&#8220;100%&#8220; max_width_last_edited=&#8220;on|desktop&#8220; min_height=&#8220;563px&#8220; custom_padding=&#8220;0px||0px||true&#8220; make_fullwidth=&#8220;on&#8220; global_colors_info=&#8220;{}&#8220;][et_pb_column type=&#8220;1_2&#8243; module_class=&#8220;column1&#8243; _builder_version=&#8220;4.23.1&#8243; background_image=&#8220;https:\/\/www.pegasus-apothekenvertretung.com\/wp-content\/uploads\/2024\/01\/shutterstock_2304125681_SW-.jpg&#8220; custom_padding=&#8220;|||&#8220; global_colors_info=&#8220;{}&#8220; custom_padding__hover=&#8220;|||&#8220;][et_pb_divider color=&#8220;rgba(0,0,0,0)&#8220; module_class=&#8220;divider_spacer&#8220; _builder_version=&#8220;4.16&#8243; global_colors_info=&#8220;{}&#8220;][\/et_pb_divider][\/et_pb_column][et_pb_column type=&#8220;1_2&#8243; module_class=&#8220;column2&#8243; _builder_version=&#8220;4.16&#8243; custom_padding=&#8220;5%|5%|5%|5%&#8220; custom_padding_tablet=&#8220;10%|10%|10%|10%|true|true&#8220; custom_padding_phone=&#8220;10%|10%|10%|10%|true|true&#8220; custom_padding_last_edited=&#8220;on|tablet&#8220; global_colors_info=&#8220;{}&#8220; padding_tablet=&#8220;10%|10%|10%|10%|true|true&#8220; padding_last_edited=&#8220;on|tablet&#8220; custom_padding__hover=&#8220;|||&#8220; padding_phone=&#8220;10%|10%|10%|10%|true|true&#8220;][et_pb_text quote_border_weight=&#8220;0px&#8220; quote_border_color=&#8220;rgba(0,0,0,0)&#8220; _builder_version=&#8220;4.23.1&#8243; text_font=&#8220;||||||||&#8220; text_font_size=&#8220;22px&#8220; text_letter_spacing=&#8220;1px&#8220; link_font=&#8220;|100|||on|||#000000|&#8220; link_text_color=&#8220;#000000&#8243; quote_font=&#8220;Playfair Display||on||||||&#8220; quote_text_color=&#8220;#000000&#8243; quote_line_height=&#8220;1.3em&#8220; header_font=&#8220;|700|||||||&#8220; header_2_font=&#8220;|700|||||||&#8220; header_3_font=&#8220;|700|||||||&#8220; header_3_text_color=&#8220;#000000&#8243; header_4_letter_spacing=&#8220;12px&#8220; header_5_font=&#8220;|300|||||||&#8220; header_5_text_color=&#8220;#bfbfbf&#8220; header_5_letter_spacing=&#8220;12px&#8220; header_6_font=&#8220;|700|||||||&#8220; header_6_letter_spacing=&#8220;12px&#8220; module_alignment=&#8220;left&#8220; custom_margin=&#8220;||30px|&#8220; custom_margin_tablet=&#8220;&#8220; custom_margin_phone=&#8220;&#8220; custom_margin_last_edited=&#8220;on|tablet&#8220; animation_style=&#8220;fade&#8220; quote_font_size_tablet=&#8220;&#8220; quote_font_size_phone=&#8220;&#8220; quote_font_size_last_edited=&#8220;on|desktop&#8220; saved_tabs=&#8220;all&#8220; locked=&#8220;off&#8220; global_colors_info=&#8220;{}&#8220;]<\/p>\n<h2>Offizin als Verkaufsort<em><\/em><\/h2>\n<p>Es juckt mich oft in den Fingern, wenn ich verschiedene Apotheken sehe und mir die Ideen kommen, was man anders machen k\u00f6nnte.<\/p>\n<p>Ich setze mich gern mit Ihnen f\u00fcr eine oder 2 Stunden hin oder telefoniere auch sp\u00e4ter f\u00fcr einen Gedankenaustausch.<\/p>\n<p>Aber ich trenne strikt Vertretung von Ver\u00e4nderung\/ Optimierung. Ich brauche daf\u00fcr einen Rahmen,\u00a0 Zeit und einen Austausch \u00fcber Ihre Gedanken zum Stil der Apotheke.<\/p>\n<p>[\/et_pb_text][\/et_pb_column][\/et_pb_row][et_pb_row column_structure=&#8220;1_2,1_2&#8243; use_custom_gutter=&#8220;on&#8220; make_equal=&#8220;on&#8220; padding_top_bottom_link_1=&#8220;true&#8220; padding_left_right_link_1=&#8220;true&#8220; module_class=&#8220;sfly_column_switch et_pb_row_fullwidth&#8220; _builder_version=&#8220;4.23.1&#8243; width=&#8220;100%&#8220; width_tablet=&#8220;100%&#8220; width_phone=&#8220;100%&#8220; width_last_edited=&#8220;on|desktop&#8220; max_width=&#8220;100%&#8220; max_width_tablet=&#8220;100%&#8220; max_width_phone=&#8220;100%&#8220; max_width_last_edited=&#8220;on|desktop&#8220; custom_padding=&#8220;0px||0px||true&#8220; make_fullwidth=&#8220;on&#8220; global_colors_info=&#8220;{}&#8220;][et_pb_column type=&#8220;1_2&#8243; module_class=&#8220;column1&#8243; _builder_version=&#8220;4.16&#8243; background_color=&#8220;#000000&#8243; parallax=&#8220;on&#8220; custom_padding=&#8220;5%|5%|5%|5%&#8220; custom_padding_tablet=&#8220;10%|10%|10%|10%|true|true&#8220; custom_padding_phone=&#8220;10%|10%|10%|10%|true|true&#8220; custom_padding_last_edited=&#8220;on|tablet&#8220; global_colors_info=&#8220;{}&#8220; padding_tablet=&#8220;10%|10%|10%|10%|true|true&#8220; padding_last_edited=&#8220;on|tablet&#8220; custom_padding__hover=&#8220;|||&#8220; padding_phone=&#8220;10%|10%|10%|10%|true|true&#8220;][et_pb_text quote_border_weight=&#8220;0px&#8220; quote_border_color=&#8220;rgba(0,0,0,0)&#8220; _builder_version=&#8220;4.23.1&#8243; text_font=&#8220;||||||||&#8220; text_font_size=&#8220;22px&#8220; text_letter_spacing=&#8220;1px&#8220; link_font=&#8220;|100|||on|||#000000|&#8220; link_text_color=&#8220;#000000&#8243; quote_font=&#8220;Playfair Display||on||||||&#8220; quote_text_color=&#8220;#000000&#8243; quote_line_height=&#8220;1.3em&#8220; header_font=&#8220;|700|||||||&#8220; header_2_font=&#8220;|700|||||||&#8220; header_3_font=&#8220;|700|||||||&#8220; header_3_text_color=&#8220;#000000&#8243; header_4_letter_spacing=&#8220;12px&#8220; header_5_font=&#8220;|300|||||||&#8220; header_5_text_color=&#8220;#bfbfbf&#8220; header_5_letter_spacing=&#8220;12px&#8220; header_6_font=&#8220;|700|||||||&#8220; header_6_letter_spacing=&#8220;12px&#8220; background_layout=&#8220;dark&#8220; module_alignment=&#8220;left&#8220; custom_margin=&#8220;||30px|&#8220; custom_margin_tablet=&#8220;&#8220; custom_margin_phone=&#8220;&#8220; custom_margin_last_edited=&#8220;on|tablet&#8220; animation_style=&#8220;fade&#8220; quote_font_size_tablet=&#8220;&#8220; quote_font_size_phone=&#8220;&#8220; quote_font_size_last_edited=&#8220;on|desktop&#8220; saved_tabs=&#8220;all&#8220; locked=&#8220;off&#8220; global_colors_info=&#8220;{}&#8220;]<\/p>\n<h2>Aromamischungen <em><\/em><\/h2>\n<p>Seit \u00fcber 20 Jahren besch\u00e4ftige ich mich immer wieder mit Aromamischungen und ihrer Anwendungen. Das Wissen eigne ich mit teils durch Literatur und Experimentieren bzw. durch Kurse in Deutschland und Gro\u00dfbritannien an.<\/p>\n<p>Meine Erfahrungen und Anwendung ist deshalb auch \u00fcberwiegend von der angels\u00e4chsischen Handhabung gepr\u00e4gt, inclusive der Massageanwendungen.<\/p>\n<p>Jemand hat eine Frage ? Hallo, hier bin ich ;).<\/p>\n<p>[\/et_pb_text][\/et_pb_column][et_pb_column type=&#8220;1_2&#8243; module_class=&#8220;column2&#8243; _builder_version=&#8220;4.23.1&#8243; background_image=&#8220;https:\/\/www.pegasus-apothekenvertretung.com\/wp-content\/uploads\/2024\/01\/shutterstock_1637711245_SW.jpg&#8220; custom_padding=&#8220;|||&#8220; global_colors_info=&#8220;{}&#8220; custom_padding__hover=&#8220;|||&#8220;][et_pb_divider color=&#8220;rgba(0,0,0,0)&#8220; module_class=&#8220;divider_spacer&#8220; _builder_version=&#8220;4.16&#8243; locked=&#8220;off&#8220; global_colors_info=&#8220;{}&#8220;][\/et_pb_divider][\/et_pb_column][\/et_pb_row][\/et_pb_section]<\/p>\n","protected":false},"excerpt":{"rendered":"<p>Nach vielen Stationen in Nossen, Dresden, Berlin Leipzig und seid nunmehr 30 Jahren Erfurt, habe ich meine Leidenschaft zu entdecken und Menschen kennenzulernen nicht verloren.Studium an der Uni Leipzig, Praktika und erste Jahre als Apotheker in engagierten Kleinstadt- und gro\u00dfen Center- Apotheken. Selbst\u00e4ndigkeit von 2000 bis 2023 mit erst einer Center- Apotheke, sp\u00e4ter einer kleinen [&hellip;]<\/p>\n","protected":false},"author":1,"featured_media":0,"parent":0,"menu_order":0,"comment_status":"closed","ping_status":"closed","template":"","meta":{"_et_pb_use_builder":"on","_et_pb_old_content":"","_et_gb_content_width":"","footnotes":""},"class_list":["post-913","page","type-page","status-publish","hentry"],"_links":{"self":[{"href":"https:\/\/www.pegasus-apothekenvertretung.com\/index.php?rest_route=\/wp\/v2\/pages\/913","targetHints":{"allow":["GET"]}}],"collection":[{"href":"https:\/\/www.pegasus-apothekenvertretung.com\/index.php?rest_route=\/wp\/v2\/pages"}],"about":[{"href":"https:\/\/www.pegasus-apothekenvertretung.com\/index.php?rest_route=\/wp\/v2\/types\/page"}],"author":[{"embeddable":true,"href":"https:\/\/www.pegasus-apothekenvertretung.com\/index.php?rest_route=\/wp\/v2\/users\/1"}],"replies":[{"embeddable":true,"href":"https:\/\/www.pegasus-apothekenvertretung.com\/index.php?rest_route=%2Fwp%2Fv2%2Fcomments&post=913"}],"version-history":[{"count":12,"href":"https:\/\/www.pegasus-apothekenvertretung.com\/index.php?rest_route=\/wp\/v2\/pages\/913\/revisions"}],"predecessor-version":[{"id":1059,"href":"https:\/\/www.pegasus-apothekenvertretung.com\/index.php?rest_route=\/wp\/v2\/pages\/913\/revisions\/1059"}],"wp:attachment":[{"href":"https:\/\/www.pegasus-apothekenvertretung.com\/index.php?rest_route=%2Fwp%2Fv2%2Fmedia&parent=913"}],"curies":[{"name":"wp","href":"https:\/\/api.w.org\/{rel}","templated":true}]}}