{"id":655,"date":"2023-11-15T13:24:51","date_gmt":"2023-11-15T13:24:51","guid":{"rendered":"https:\/\/www.pegasus-apothekenvertretung.com\/?page_id=655"},"modified":"2024-05-31T15:03:24","modified_gmt":"2024-05-31T13:03:24","slug":"655-2","status":"publish","type":"page","link":"https:\/\/www.pegasus-apothekenvertretung.com\/","title":{"rendered":"Pegasus- Apothekenvertretung"},"content":{"rendered":"<p>[et_pb_section fb_built=&#8220;1&#8243; fullwidth=&#8220;on&#8220; admin_label=&#8220;Hero 3&#8243; module_class=&#8220;sfly_hero sfly_hero_3&#8243; _builder_version=&#8220;4.23.4&#8243; background_color=&#8220;RGBA(255,255,255,0)&#8220; filter_brightness=&#8220;132%&#8220; global_colors_info=&#8220;{}&#8220;][et_pb_fullwidth_header title=&#8220;Bundesweite Apothekenvertretung&#8220; subhead=&#8220;Mai noch verf\u00fcgbar&#8220; header_fullscreen=&#8220;on&#8220; button_one_text=&#8220;Kalender &#038; Buchung&#8220; button_one_url=&#8220;https:\/\/www.pegasus-apothekenvertretung.com\/?page_id=958&#8243; button_two_url=&#8220;#&#8220; background_overlay_color=&#8220;rgba(0,0,0,0.25)&#8220; content_orientation=&#8220;bottom&#8220; module_class=&#8220;sfly_fullwidth_header&#8220; _builder_version=&#8220;4.24.2&#8243; title_font=&#8220;|600|||||||&#8220; title_font_size=&#8220;60px&#8220; content_font=&#8220;||||||||&#8220; content_font_size=&#8220;14px&#8220; subhead_font=&#8220;||||||||&#8220; subhead_font_size=&#8220;24px&#8220; background_color=&#8220;#f78a31&#8243; background_image=&#8220;https:\/\/www.pegasus-apothekenvertretung.com\/wp-content\/uploads\/2024\/01\/shutterstock_334375655_selfi.jpg&#8220; parallax=&#8220;on&#8220; custom_button_one=&#8220;on&#8220; button_one_text_size=&#8220;21px&#8220; button_one_text_color=&#8220;#000000&#8243; button_one_bg_color=&#8220;#ffffff&#8220; button_one_border_color=&#8220;#ffffff&#8220; button_one_letter_spacing=&#8220;8px&#8220; button_one_font=&#8220;|600|||||||&#8220; button_one_use_icon=&#8220;off&#8220; custom_button_two=&#8220;on&#8220; button_two_text_color=&#8220;#ffffff&#8220; button_two_bg_color=&#8220;rgba(0,0,0,0)&#8220; button_two_border_color=&#8220;#ffffff&#8220; button_two_letter_spacing=&#8220;8px&#8220; button_two_font=&#8220;|600|||||||&#8220; button_two_use_icon=&#8220;off&#8220; custom_margin=&#8220;50px||||false|false&#8220; animation_style=&#8220;fade&#8220; animation_duration=&#8220;1500ms&#8220; title_font_size_tablet=&#8220;48px&#8220; title_font_size_phone=&#8220;22px&#8220; title_font_size_last_edited=&#8220;on|desktop&#8220; custom_css_content=&#8220;max-width: 600px;||margin-bottom: 15px;&#8220; border_width_all=&#8220;16px&#8220; border_color_all=&#8220;RGBA(255,255,255,0)&#8220; button_one_text_color_hover=&#8220;#ffffff&#8220; button_two_text_color_hover=&#8220;#000000&#8243; button_one_border_color_hover=&#8220;#ffffff&#8220; button_two_border_color_hover=&#8220;#ffffff&#8220; button_one_bg_color_hover=&#8220;rgba(255,255,255,0)&#8220; button_two_bg_color_hover=&#8220;#ffffff&#8220; global_colors_info=&#8220;{}&#8220; button_one_text_size__hover_enabled=&#8220;off&#8220; button_two_text_size__hover_enabled=&#8220;off&#8220; button_one_text_color__hover_enabled=&#8220;on&#8220; button_one_text_color__hover=&#8220;#ffffff&#8220; button_two_text_color__hover_enabled=&#8220;on&#8220; button_two_text_color__hover=&#8220;#000000&#8243; button_one_border_width__hover_enabled=&#8220;off&#8220; button_two_border_width__hover_enabled=&#8220;off&#8220; button_one_border_color__hover_enabled=&#8220;on&#8220; button_one_border_color__hover=&#8220;#5ad8b0&#8243; button_two_border_color__hover_enabled=&#8220;on&#8220; button_two_border_color__hover=&#8220;#ffffff&#8220; button_one_border_radius__hover_enabled=&#8220;off&#8220; button_two_border_radius__hover_enabled=&#8220;off&#8220; button_one_letter_spacing__hover_enabled=&#8220;off&#8220; button_two_letter_spacing__hover_enabled=&#8220;off&#8220; button_one_bg_color__hover_enabled=&#8220;on&#8220; button_one_bg_color__hover=&#8220;#5ad8b0&#8243; button_two_bg_color__hover_enabled=&#8220;on&#8220; button_two_bg_color__hover=&#8220;#ffffff&#8220;][\/et_pb_fullwidth_header][\/et_pb_section][et_pb_section fb_built=&#8220;1&#8243; admin_label=&#8220;Feature 1&#8243; module_class=&#8220;sfly_feature sfly_feature_1&#8243; _builder_version=&#8220;4.23.1&#8243; background_color=&#8220;#f2f2f2&#8243; background_image=&#8220;https:\/\/www.pegasus-apothekenvertretung.com\/wp-content\/uploads\/2023\/12\/shutterstock_1084947659_1.jpg&#8220; global_colors_info=&#8220;{}&#8220;][et_pb_row column_structure=&#8220;1_2,1_2&#8243; use_custom_gutter=&#8220;on&#8220; make_equal=&#8220;on&#8220; padding_top_bottom_link_1=&#8220;false&#8220; padding_top_bottom_link_2=&#8220;true&#8220; padding_left_right_link_1=&#8220;false&#8220; padding_left_right_link_2=&#8220;true&#8220; _builder_version=&#8220;4.23.1&#8243; custom_padding=&#8220;|||&#8220; global_colors_info=&#8220;{}&#8220;][et_pb_column type=&#8220;1_2&#8243; module_class=&#8220;column1&#8243; _builder_version=&#8220;4.23.1&#8243; background_image=&#8220;https:\/\/www.pegasus-apothekenvertretung.com\/wp-content\/uploads\/2023\/12\/shutterstock_2.jpg&#8220; parallax=&#8220;on&#8220; custom_padding=&#8220;|||&#8220; border_width_all=&#8220;15px&#8220; border_color_all=&#8220;#57b6d1&#8243; global_colors_info=&#8220;{}&#8220; custom_padding__hover=&#8220;|||&#8220;][et_pb_divider color=&#8220;rgba(0,0,0,0)&#8220; module_class=&#8220;divider_spacer&#8220; _builder_version=&#8220;4.16&#8243; global_colors_info=&#8220;{}&#8220;]&nbsp;<br \/>\n[\/et_pb_divider][\/et_pb_column][et_pb_column type=&#8220;1_2&#8243; module_class=&#8220;column2&#8243; _builder_version=&#8220;4.23.1&#8243; background_color=&#8220;#e8f8fc&#8220; custom_padding=&#8220;5%|5%|5%|5%&#8220; custom_padding_tablet=&#8220;5%|5%|5%|5%&#8220; custom_padding_phone=&#8220;10%|10%|10%|10%|true|true&#8220; custom_padding_last_edited=&#8220;on|phone&#8220; border_color_all=&#8220;#244556&#8243; global_colors_info=&#8220;{}&#8220; padding_phone=&#8220;10%|10%|10%|10%|true|true&#8220; padding_last_edited=&#8220;on|phone&#8220; custom_padding__hover=&#8220;|||&#8220;][et_pb_text quote_border_weight=&#8220;0px&#8220; quote_border_color=&#8220;rgba(0,0,0,0)&#8220; _builder_version=&#8220;4.23.4&#8243; text_font=&#8220;||||||||&#8220; text_text_color=&#8220;#271f49&#8243; text_font_size=&#8220;14px&#8220; text_letter_spacing=&#8220;1px&#8220; link_font=&#8220;|100|||on|||#000000|&#8220; link_text_color=&#8220;#000000&#8243; quote_font=&#8220;Playfair Display||on||||||&#8220; quote_text_color=&#8220;#000000&#8243; quote_line_height=&#8220;1.3em&#8220; header_font=&#8220;|700|||||||&#8220; header_2_font=&#8220;Anton||||||||&#8220; header_3_font=&#8220;|700|||||||&#8220; header_3_text_color=&#8220;#000000&#8243; header_4_letter_spacing=&#8220;12px&#8220; header_5_font=&#8220;|300|||||||&#8220; header_5_text_color=&#8220;#bfbfbf&#8220; header_5_letter_spacing=&#8220;12px&#8220; header_6_font=&#8220;|700|||||||&#8220; header_6_letter_spacing=&#8220;12px&#8220; module_alignment=&#8220;left&#8220; custom_margin_tablet=&#8220;&#8220; custom_margin_phone=&#8220;&#8220; custom_margin_last_edited=&#8220;on|tablet&#8220; quote_font_size_tablet=&#8220;&#8220; quote_font_size_phone=&#8220;&#8220; quote_font_size_last_edited=&#8220;on|desktop&#8220; saved_tabs=&#8220;all&#8220; locked=&#8220;off&#8220; global_colors_info=&#8220;{}&#8220;]<\/p>\n<h3>Flexible Arbeitszeiten<\/h3>\n<p>Ich stehen Ihnen zeitlich zur Verf\u00fcgung, wie ich ben\u00f6tigt werde, beginnend bei 36h&#8230; bis zu 72h \/ Woche.<\/p>\n<p>Mein Sektrum reicht von zeitweiser Vertretung der Apothekenleitung bis zur Verst\u00e4rkung des Stammpersonals im Urlaubs- \/ Krankheitsfall oder anderen Gr\u00fcnden eines personellen Engpasses.<\/p>\n<p>Eine Buchung ist bis zu 12 Monaten im voraus m\u00f6glich.<\/p>\n<p>[\/et_pb_text][\/et_pb_column][\/et_pb_row][\/et_pb_section][et_pb_section fb_built=&#8220;1&#8243; custom_padding_last_edited=&#8220;on|tablet&#8220; admin_label=&#8220;Feature 2&#8243; module_class=&#8220;sfly_feature sfly_feature_2&#8243; _builder_version=&#8220;4.25.1&#8243; background_image=&#8220;https:\/\/www.pegasus-apothekenvertretung.com\/wp-content\/uploads\/2024\/05\/shutterstock_399289246_1.jpg&#8220; parallax=&#8220;on&#8220; custom_padding=&#8220;||125px||false|false&#8220; custom_padding_tablet=&#8220;||30px|&#8220; custom_padding_phone=&#8220;&#8220; hover_enabled=&#8220;0&#8243; global_colors_info=&#8220;{}&#8220; title_text=&#8220;shutterstock_399289246_1&#8243; sticky_enabled=&#8220;0&#8243;][et_pb_row column_structure=&#8220;1_2,1_2&#8243; use_custom_gutter=&#8220;on&#8220; make_equal=&#8220;on&#8220; padding_top_bottom_link_1=&#8220;true&#8220; padding_left_right_link_1=&#8220;true&#8220; module_class=&#8220;sfly_column_switch&#8220; _builder_version=&#8220;4.25.1&#8243; custom_padding=&#8220;|||&#8220; hover_enabled=&#8220;0&#8243; global_colors_info=&#8220;{}&#8220; sticky_enabled=&#8220;0&#8243;][et_pb_column type=&#8220;1_2&#8243; module_class=&#8220;column1&#8243; _builder_version=&#8220;4.25.1&#8243; background_color=&#8220;#57dbb8&#8243; custom_padding=&#8220;5%|5%|5%|5%&#8220; custom_padding_tablet=&#8220;5%|5%|5%|5%&#8220; custom_padding_phone=&#8220;10%|10%|10%|10%|true|true&#8220; custom_padding_last_edited=&#8220;on|phone&#8220; hover_enabled=&#8220;0&#8243; global_colors_info=&#8220;{}&#8220; padding_phone=&#8220;10%|10%|10%|10%|true|true&#8220; padding_last_edited=&#8220;on|phone&#8220; custom_padding__hover=&#8220;|||&#8220; sticky_enabled=&#8220;0&#8243;][et_pb_text quote_border_weight=&#8220;0px&#8220; quote_border_color=&#8220;rgba(0,0,0,0)&#8220; _builder_version=&#8220;4.23.4&#8243; text_font=&#8220;||||||||&#8220; text_text_color=&#8220;#FFFFFF&#8220; text_font_size=&#8220;14px&#8220; text_letter_spacing=&#8220;1px&#8220; link_font=&#8220;|100|||on|||#000000|&#8220; link_text_color=&#8220;#000000&#8243; quote_font=&#8220;Playfair Display||on||||||&#8220; quote_text_color=&#8220;#000000&#8243; quote_line_height=&#8220;1.3em&#8220; header_font=&#8220;|700|||||||&#8220; header_font_size=&#8220;39px&#8220; header_2_font=&#8220;Anton||||||||&#8220; header_3_font=&#8220;|700|||||||&#8220; header_3_text_color=&#8220;#FFFFFF&#8220; header_4_letter_spacing=&#8220;12px&#8220; header_5_font=&#8220;|300|||||||&#8220; header_5_text_color=&#8220;#bfbfbf&#8220; header_5_letter_spacing=&#8220;12px&#8220; header_6_font=&#8220;|700|||||||&#8220; header_6_letter_spacing=&#8220;12px&#8220; background_layout=&#8220;dark&#8220; module_alignment=&#8220;left&#8220; custom_margin_tablet=&#8220;&#8220; custom_margin_phone=&#8220;&#8220; custom_margin_last_edited=&#8220;on|tablet&#8220; quote_font_size_tablet=&#8220;&#8220; quote_font_size_phone=&#8220;&#8220; quote_font_size_last_edited=&#8220;on|desktop&#8220; border_color_all=&#8220;RGBA(255,255,255,0)&#8220; saved_tabs=&#8220;all&#8220; locked=&#8220;off&#8220; global_colors_info=&#8220;{}&#8220;]<\/p>\n<h3>\u00fcber 25 Jahre Apotheker<\/h3>\n<p>freundlicher, kompetenter Umgang mit Patienten und Partnern,<\/p>\n<p>fundierte Kenntnisse der t\u00e4glichen Arbeitsabl\u00e4ufe,<\/p>\n<p>rountinierte Ausf\u00fchrung der apothekerlichen Pflichten,<\/p>\n<p>Wertsch\u00e4tzung von guter Teamarbeit<\/p>\n<p>Probleml\u00f6sung mit Erfahrung und Kreativit\u00e4t<\/p>\n<p>&nbsp;<\/p>\n<p>[\/et_pb_text][\/et_pb_column][et_pb_column type=&#8220;1_2&#8243; module_class=&#8220;column2&#8243; _builder_version=&#8220;4.25.1&#8243; background_color=&#8220;#ffffff&#8220; background_image=&#8220;https:\/\/www.pegasus-apothekenvertretung.com\/wp-content\/uploads\/2024\/05\/shutterstock_2139355291_1.jpg&#8220; custom_padding=&#8220;|||&#8220; hover_enabled=&#8220;0&#8243; border_radii=&#8220;on|2px|2px|2px|2px&#8220; border_width_all=&#8220;15px&#8220; border_color_all=&#8220;#39a098&#8243; global_colors_info=&#8220;{}&#8220; custom_padding__hover=&#8220;|||&#8220; title_text=&#8220;shutterstock_2139355291_1&#8243; sticky_enabled=&#8220;0&#8243;][et_pb_divider color=&#8220;rgba(0,0,0,0)&#8220; module_class=&#8220;divider_spacer&#8220; _builder_version=&#8220;4.16&#8243; global_colors_info=&#8220;{}&#8220;][\/et_pb_divider][\/et_pb_column][\/et_pb_row][\/et_pb_section][et_pb_section fb_built=&#8220;1&#8243; _builder_version=&#8220;4.23.1&#8243; _module_preset=&#8220;default&#8220; background_color=&#8220;#cce1e8&#8243; global_colors_info=&#8220;{}&#8220;][et_pb_row column_structure=&#8220;1_2,1_2&#8243; _builder_version=&#8220;4.23.1&#8243; _module_preset=&#8220;default&#8220; global_colors_info=&#8220;{}&#8220;][et_pb_column type=&#8220;1_2&#8243; _builder_version=&#8220;4.23.1&#8243; _module_preset=&#8220;default&#8220; global_colors_info=&#8220;{}&#8220;][et_pb_text _builder_version=&#8220;4.23.1&#8243; _module_preset=&#8220;default&#8220; background_video_mp4=&#8220;https:\/\/www.pegasus-apothekenvertretung.com\/wp-content\/uploads\/2023\/12\/shutterstock_10866572181.mov&#8220; border_width_all=&#8220;16px&#8220; border_color_all=&#8220;#4da2b7&#8243; global_colors_info=&#8220;{}&#8220;]<\/p>\n<p>.<\/p>\n<p>.<\/p>\n<p>.<\/p>\n<p>.<\/p>\n<p>.<\/p>\n<p>.<\/p>\n<p>.<\/p>\n<p>.<\/p>\n<p>.<\/p>\n<p>.<\/p>\n<p>[\/et_pb_text][\/et_pb_column][et_pb_column type=&#8220;1_2&#8243; _builder_version=&#8220;4.23.1&#8243; _module_preset=&#8220;default&#8220; global_colors_info=&#8220;{}&#8220;][et_pb_contact_form captcha=&#8220;off&#8220; email=&#8220;ralphhusung@protonmail.com&#8220; custom_message=&#8220;Informationsanfrage Website||et_pb_line_break_holder||||et_pb_line_break_holder||Von: %%Name%%||et_pb_line_break_holder||Apotheke: %%Apotheke%%||et_pb_line_break_holder||Ort: %%Ort%%||et_pb_line_break_holder||Email: %%Email%%||et_pb_line_break_holder||||et_pb_line_break_holder||Nachricht: %%Message%%&#8220; _builder_version=&#8220;4.24.3&#8243; _module_preset=&#8220;default&#8220; _unique_id=&#8220;4cb89d8b-a79a-4b8e-af13-26ed8933abc0&#8243; global_colors_info=&#8220;{}&#8220;][et_pb_contact_field field_id=&#8220;Name&#8220; field_title=&#8220;Name&#8220; _builder_version=&#8220;4.16&#8243; global_colors_info=&#8220;{}&#8220; button_text_size__hover_enabled=&#8220;off&#8220; button_one_text_size__hover_enabled=&#8220;off&#8220; button_two_text_size__hover_enabled=&#8220;off&#8220; button_text_color__hover_enabled=&#8220;off&#8220; button_one_text_color__hover_enabled=&#8220;off&#8220; button_two_text_color__hover_enabled=&#8220;off&#8220; button_border_width__hover_enabled=&#8220;off&#8220; button_one_border_width__hover_enabled=&#8220;off&#8220; button_two_border_width__hover_enabled=&#8220;off&#8220; button_border_color__hover_enabled=&#8220;off&#8220; button_one_border_color__hover_enabled=&#8220;off&#8220; button_two_border_color__hover_enabled=&#8220;off&#8220; button_border_radius__hover_enabled=&#8220;off&#8220; button_one_border_radius__hover_enabled=&#8220;off&#8220; button_two_border_radius__hover_enabled=&#8220;off&#8220; button_letter_spacing__hover_enabled=&#8220;off&#8220; button_one_letter_spacing__hover_enabled=&#8220;off&#8220; button_two_letter_spacing__hover_enabled=&#8220;off&#8220; button_bg_color__hover_enabled=&#8220;off&#8220; button_one_bg_color__hover_enabled=&#8220;off&#8220; button_two_bg_color__hover_enabled=&#8220;off&#8220;][\/et_pb_contact_field][et_pb_contact_field field_id=&#8220;Apotheke&#8220; field_title=&#8220;Apotheke&#8220; _builder_version=&#8220;4.23.1&#8243; global_colors_info=&#8220;{}&#8220; button_text_size__hover_enabled=&#8220;off&#8220; button_one_text_size__hover_enabled=&#8220;off&#8220; button_two_text_size__hover_enabled=&#8220;off&#8220; button_text_color__hover_enabled=&#8220;off&#8220; button_one_text_color__hover_enabled=&#8220;off&#8220; button_two_text_color__hover_enabled=&#8220;off&#8220; button_border_width__hover_enabled=&#8220;off&#8220; button_one_border_width__hover_enabled=&#8220;off&#8220; button_two_border_width__hover_enabled=&#8220;off&#8220; button_border_color__hover_enabled=&#8220;off&#8220; button_one_border_color__hover_enabled=&#8220;off&#8220; button_two_border_color__hover_enabled=&#8220;off&#8220; button_border_radius__hover_enabled=&#8220;off&#8220; button_one_border_radius__hover_enabled=&#8220;off&#8220; button_two_border_radius__hover_enabled=&#8220;off&#8220; button_letter_spacing__hover_enabled=&#8220;off&#8220; button_one_letter_spacing__hover_enabled=&#8220;off&#8220; button_two_letter_spacing__hover_enabled=&#8220;off&#8220; button_bg_color__hover_enabled=&#8220;off&#8220; button_one_bg_color__hover_enabled=&#8220;off&#8220; button_two_bg_color__hover_enabled=&#8220;off&#8220;][\/et_pb_contact_field][et_pb_contact_field field_id=&#8220;Ort&#8220; field_title=&#8220;Ort&#8220; _builder_version=&#8220;4.23.1&#8243; global_colors_info=&#8220;{}&#8220; button_text_size__hover_enabled=&#8220;off&#8220; button_one_text_size__hover_enabled=&#8220;off&#8220; button_two_text_size__hover_enabled=&#8220;off&#8220; button_text_color__hover_enabled=&#8220;off&#8220; button_one_text_color__hover_enabled=&#8220;off&#8220; button_two_text_color__hover_enabled=&#8220;off&#8220; button_border_width__hover_enabled=&#8220;off&#8220; button_one_border_width__hover_enabled=&#8220;off&#8220; button_two_border_width__hover_enabled=&#8220;off&#8220; button_border_color__hover_enabled=&#8220;off&#8220; button_one_border_color__hover_enabled=&#8220;off&#8220; button_two_border_color__hover_enabled=&#8220;off&#8220; button_border_radius__hover_enabled=&#8220;off&#8220; button_one_border_radius__hover_enabled=&#8220;off&#8220; button_two_border_radius__hover_enabled=&#8220;off&#8220; button_letter_spacing__hover_enabled=&#8220;off&#8220; button_one_letter_spacing__hover_enabled=&#8220;off&#8220; button_two_letter_spacing__hover_enabled=&#8220;off&#8220; button_bg_color__hover_enabled=&#8220;off&#8220; button_one_bg_color__hover_enabled=&#8220;off&#8220; button_two_bg_color__hover_enabled=&#8220;off&#8220;][\/et_pb_contact_field][et_pb_contact_field field_id=&#8220;Email&#8220; field_title=&#8220;E-Mail-Adresse&#8220; field_type=&#8220;email&#8220; _builder_version=&#8220;4.23.1&#8243; module_alignment=&#8220;left&#8220; global_colors_info=&#8220;{}&#8220; button_text_size__hover_enabled=&#8220;off&#8220; button_one_text_size__hover_enabled=&#8220;off&#8220; button_two_text_size__hover_enabled=&#8220;off&#8220; button_text_color__hover_enabled=&#8220;off&#8220; button_one_text_color__hover_enabled=&#8220;off&#8220; button_two_text_color__hover_enabled=&#8220;off&#8220; button_border_width__hover_enabled=&#8220;off&#8220; button_one_border_width__hover_enabled=&#8220;off&#8220; button_two_border_width__hover_enabled=&#8220;off&#8220; button_border_color__hover_enabled=&#8220;off&#8220; button_one_border_color__hover_enabled=&#8220;off&#8220; button_two_border_color__hover_enabled=&#8220;off&#8220; button_border_radius__hover_enabled=&#8220;off&#8220; button_one_border_radius__hover_enabled=&#8220;off&#8220; button_two_border_radius__hover_enabled=&#8220;off&#8220; button_letter_spacing__hover_enabled=&#8220;off&#8220; button_one_letter_spacing__hover_enabled=&#8220;off&#8220; button_two_letter_spacing__hover_enabled=&#8220;off&#8220; button_bg_color__hover_enabled=&#8220;off&#8220; button_one_bg_color__hover_enabled=&#8220;off&#8220; button_two_bg_color__hover_enabled=&#8220;off&#8220;][\/et_pb_contact_field][et_pb_contact_field field_id=&#8220;Message&#8220; field_title=&#8220;Nachricht&#8220; field_type=&#8220;text&#8220; fullwidth_field=&#8220;on&#8220; _builder_version=&#8220;4.16&#8243; global_colors_info=&#8220;{}&#8220; button_text_size__hover_enabled=&#8220;off&#8220; button_one_text_size__hover_enabled=&#8220;off&#8220; button_two_text_size__hover_enabled=&#8220;off&#8220; button_text_color__hover_enabled=&#8220;off&#8220; button_one_text_color__hover_enabled=&#8220;off&#8220; button_two_text_color__hover_enabled=&#8220;off&#8220; button_border_width__hover_enabled=&#8220;off&#8220; button_one_border_width__hover_enabled=&#8220;off&#8220; button_two_border_width__hover_enabled=&#8220;off&#8220; button_border_color__hover_enabled=&#8220;off&#8220; button_one_border_color__hover_enabled=&#8220;off&#8220; button_two_border_color__hover_enabled=&#8220;off&#8220; button_border_radius__hover_enabled=&#8220;off&#8220; button_one_border_radius__hover_enabled=&#8220;off&#8220; button_two_border_radius__hover_enabled=&#8220;off&#8220; button_letter_spacing__hover_enabled=&#8220;off&#8220; button_one_letter_spacing__hover_enabled=&#8220;off&#8220; button_two_letter_spacing__hover_enabled=&#8220;off&#8220; button_bg_color__hover_enabled=&#8220;off&#8220; button_one_bg_color__hover_enabled=&#8220;off&#8220; button_two_bg_color__hover_enabled=&#8220;off&#8220;][\/et_pb_contact_field][\/et_pb_contact_form][\/et_pb_column][\/et_pb_row][\/et_pb_section]<\/p>\n","protected":false},"excerpt":{"rendered":"<p>&nbsp; Flexible Arbeitszeiten Ich stehen Ihnen zeitlich zur Verf\u00fcgung, wie ich ben\u00f6tigt werde, beginnend bei 36h&#8230; bis zu 72h \/ Woche. Mein Sektrum reicht von zeitweiser Vertretung der Apothekenleitung bis zur Verst\u00e4rkung des Stammpersonals im Urlaubs- \/ Krankheitsfall oder anderen Gr\u00fcnden eines personellen Engpasses. Eine Buchung ist bis zu 12 Monaten im voraus m\u00f6glich.\u00fcber 25 [&hellip;]<\/p>\n","protected":false},"author":1,"featured_media":0,"parent":0,"menu_order":0,"comment_status":"closed","ping_status":"closed","template":"","meta":{"_et_pb_use_builder":"on","_et_pb_old_content":"","_et_gb_content_width":"","footnotes":""},"_links":{"self":[{"href":"https:\/\/www.pegasus-apothekenvertretung.com\/index.php?rest_route=\/wp\/v2\/pages\/655"}],"collection":[{"href":"https:\/\/www.pegasus-apothekenvertretung.com\/index.php?rest_route=\/wp\/v2\/pages"}],"about":[{"href":"https:\/\/www.pegasus-apothekenvertretung.com\/index.php?rest_route=\/wp\/v2\/types\/page"}],"author":[{"embeddable":true,"href":"https:\/\/www.pegasus-apothekenvertretung.com\/index.php?rest_route=\/wp\/v2\/users\/1"}],"replies":[{"embeddable":true,"href":"https:\/\/www.pegasus-apothekenvertretung.com\/index.php?rest_route=%2Fwp%2Fv2%2Fcomments&post=655"}],"version-history":[{"count":42,"href":"https:\/\/www.pegasus-apothekenvertretung.com\/index.php?rest_route=\/wp\/v2\/pages\/655\/revisions"}],"predecessor-version":[{"id":1051,"href":"https:\/\/www.pegasus-apothekenvertretung.com\/index.php?rest_route=\/wp\/v2\/pages\/655\/revisions\/1051"}],"wp:attachment":[{"href":"https:\/\/www.pegasus-apothekenvertretung.com\/index.php?rest_route=%2Fwp%2Fv2%2Fmedia&parent=655"}],"curies":[{"name":"wp","href":"https:\/\/api.w.org\/{rel}","templated":true}]}}